{"id":962,"date":"2025-02-11T13:34:21","date_gmt":"2025-02-11T12:34:21","guid":{"rendered":"https:\/\/cart-sa.be\/home\/"},"modified":"2026-03-27T15:01:53","modified_gmt":"2026-03-27T14:01:53","slug":"home","status":"publish","type":"page","link":"https:\/\/cart-sa.be\/nl\/","title":{"rendered":"Home"},"content":{"rendered":"<p>[et_pb_section fb_built=&#8221;1&#8243; _builder_version=&#8221;4.27.4&#8243; _module_preset=&#8221;default&#8221; background_color=&#8221;#EFEFEF&#8221; background_enable_image=&#8221;off&#8221; background_blend=&#8221;multiply&#8221; background_video_mp4=&#8221;https:\/\/cart-sa.be\/wp-content\/uploads\/2025\/06\/tri-1-copie.mp4&#8243; background_enable_video_webm=&#8221;off&#8221; min_height_tablet=&#8221;&#8221; min_height_phone=&#8221;&#8221; min_height_last_edited=&#8221;on|desktop&#8221; global_colors_info=&#8221;{}&#8221;][et_pb_row disabled_on=&#8221;on|off|off&#8221; _builder_version=&#8221;4.27.4&#8243; _module_preset=&#8221;default&#8221; width=&#8221;51%&#8221; custom_margin=&#8221;5%|auto|5%|auto|false|false&#8221; global_colors_info=&#8221;{}&#8221;][et_pb_column type=&#8221;4_4&#8243; _builder_version=&#8221;4.27.4&#8243; _module_preset=&#8221;default&#8221; global_colors_info=&#8221;{}&#8221;][et_pb_text _builder_version=&#8221;4.27.4&#8243; _module_preset=&#8221;default&#8221; text_text_color=&#8221;#FFFFFF&#8221; text_font_size=&#8221;24px&#8221; header_font=&#8221;|700|||||||&#8221; header_text_color=&#8221;#FFFFFF&#8221; header_font_size=&#8221;62px&#8221; header_2_font=&#8221;|700|||||||&#8221; header_2_text_color=&#8221;#FFFFFF&#8221; header_2_font_size=&#8221;36px&#8221; header_3_font=&#8221;|700|||||||&#8221; header_3_text_color=&#8221;#FFFFFF&#8221; header_3_font_size=&#8221;30px&#8221; background_color=&#8221;rgba(248,119,45,0.63)&#8221; text_orientation=&#8221;center&#8221; custom_margin=&#8221;||||false|false&#8221; custom_padding=&#8221;3%|3%|3%|3%|false|false&#8221; text_font_size_tablet=&#8221;24px&#8221; text_font_size_phone=&#8221;18px&#8221; text_font_size_last_edited=&#8221;on|phone&#8221; header_font_size_tablet=&#8221;62px&#8221; header_font_size_phone=&#8221;33px&#8221; header_font_size_last_edited=&#8221;on|phone&#8221; header_2_font_size_tablet=&#8221;36px&#8221; header_2_font_size_phone=&#8221;&#8221; header_2_font_size_last_edited=&#8221;on|phone&#8221; header_3_font_size_tablet=&#8221;30px&#8221; header_3_font_size_phone=&#8221;&#8221; header_3_font_size_last_edited=&#8221;on|phone&#8221; global_colors_info=&#8221;{}&#8221;]<\/p>\n<h1>Recyclage de d\u00e9chets<\/h1>\n<h2>pour professionnels et particuliers<\/h2>\n<p>[\/et_pb_text][\/et_pb_column][\/et_pb_row][et_pb_row disabled_on=&#8221;off|on|on&#8221; _builder_version=&#8221;4.27.4&#8243; _module_preset=&#8221;default&#8221; custom_margin=&#8221;5%|auto|5%|auto|false|false&#8221; global_colors_info=&#8221;{}&#8221;][et_pb_column type=&#8221;4_4&#8243; _builder_version=&#8221;4.27.4&#8243; _module_preset=&#8221;default&#8221; global_colors_info=&#8221;{}&#8221;][et_pb_text _builder_version=&#8221;4.27.4&#8243; _module_preset=&#8221;default&#8221; text_text_color=&#8221;#FFFFFF&#8221; text_font_size=&#8221;24px&#8221; header_font=&#8221;|700|||||||&#8221; header_text_color=&#8221;#FFFFFF&#8221; header_font_size=&#8221;62px&#8221; header_2_font=&#8221;|700|||||||&#8221; header_2_text_color=&#8221;#FFFFFF&#8221; header_2_font_size=&#8221;36px&#8221; header_3_font=&#8221;|700|||||||&#8221; header_3_text_color=&#8221;#FFFFFF&#8221; header_3_font_size=&#8221;30px&#8221; background_color=&#8221;rgba(248,119,45,0.63)&#8221; text_orientation=&#8221;center&#8221; custom_margin=&#8221;||||false|false&#8221; custom_padding=&#8221;3%|3%|3%|3%|false|false&#8221; text_font_size_tablet=&#8221;24px&#8221; text_font_size_phone=&#8221;18px&#8221; text_font_size_last_edited=&#8221;on|phone&#8221; header_font_size_tablet=&#8221;62px&#8221; header_font_size_phone=&#8221;33px&#8221; header_font_size_last_edited=&#8221;on|phone&#8221; header_2_font_size_tablet=&#8221;36px&#8221; header_2_font_size_phone=&#8221;&#8221; header_2_font_size_last_edited=&#8221;on|phone&#8221; header_3_font_size_tablet=&#8221;30px&#8221; header_3_font_size_phone=&#8221;&#8221; header_3_font_size_last_edited=&#8221;on|phone&#8221; global_colors_info=&#8221;{}&#8221;]<\/p>\n<h1>Recyclage de d\u00e9chets<\/h1>\n<h2>pour professionnels et particuliers<\/h2>\n<p>[\/et_pb_text][\/et_pb_column][\/et_pb_row][\/et_pb_section][et_pb_section fb_built=&#8221;1&#8243; _builder_version=&#8221;4.27.4&#8243; _module_preset=&#8221;default&#8221; custom_padding=&#8221;0px||0px|||&#8221; global_colors_info=&#8221;{}&#8221;][et_pb_row column_structure=&#8221;1_3,1_3,1_3&#8243; _builder_version=&#8221;4.27.4&#8243; _module_preset=&#8221;default&#8221; custom_padding=&#8221;||||false|false&#8221; global_colors_info=&#8221;{}&#8221;][et_pb_column type=&#8221;1_3&#8243; _builder_version=&#8221;4.27.4&#8243; _module_preset=&#8221;default&#8221; global_colors_info=&#8221;{}&#8221;][et_pb_text _builder_version=&#8221;4.27.4&#8243; _module_preset=&#8221;default&#8221; header_2_font=&#8221;|700|||||||&#8221; header_2_text_align=&#8221;center&#8221; header_2_font_size=&#8221;42px&#8221; header_2_font_size_tablet=&#8221;50px&#8221; header_2_font_size_phone=&#8221;24px&#8221; header_2_font_size_last_edited=&#8221;on|phone&#8221; global_colors_info=&#8221;{}&#8221;]<\/p>\n<h2>Centre de tri<\/h2>\n<p>[\/et_pb_text][et_pb_image src=&#8221;https:\/\/cart-sa.be\/wp-content\/uploads\/2025\/06\/10.png&#8221; title_text=&#8221;10&#8243; _builder_version=&#8221;4.27.4&#8243; _module_preset=&#8221;default&#8221; custom_margin=&#8221;0px||||false|false&#8221; custom_padding=&#8221;13px||||false|false&#8221; global_colors_info=&#8221;{}&#8221;][\/et_pb_image][et_pb_button button_url=&#8221;@ET-DC@eyJkeW5hbWljIjp0cnVlLCJjb250ZW50IjoicG9zdF9saW5rX3VybF9wYWdlIiwic2V0dGluZ3MiOnsicG9zdF9pZCI6IjY4NyJ9fQ==@&#8221; button_text=&#8221;En savoir plus&#8221; button_alignment=&#8221;center&#8221; _builder_version=&#8221;4.27.4&#8243; _dynamic_attributes=&#8221;button_url&#8221; _module_preset=&#8221;default&#8221; custom_margin=&#8221;||||false|false&#8221; custom_padding=&#8221;|10%||10%|false|true&#8221; global_colors_info=&#8221;{}&#8221;][\/et_pb_button][et_pb_text _builder_version=&#8221;4.27.4&#8243; _module_preset=&#8221;default&#8221; header_2_font=&#8221;|700|||||||&#8221; header_3_font=&#8221;|700||on|||||&#8221; header_4_font=&#8221;||||||||&#8221; header_4_text_align=&#8221;center&#8221; header_2_font_size_tablet=&#8221;&#8221; header_2_font_size_phone=&#8221;24px&#8221; header_2_font_size_last_edited=&#8221;on|phone&#8221; global_colors_info=&#8221;{}&#8221;]<\/p>\n<p class=\"p1\"><span>CART est un centre de tri ouvert aux professionnels mais aussi aux particuliers<\/span>, offrant une solution efficace et responsable pour la gestion des d\u00e9chets. Gr\u00e2ce \u00e0 des infrastructures modernes et un tri rigoureux, CART valorise un maximum de mat\u00e9riaux en les orientant vers des fili\u00e8res de recyclage adapt\u00e9es.<\/p>\n<p>[\/et_pb_text][\/et_pb_column][et_pb_column type=&#8221;1_3&#8243; _builder_version=&#8221;4.27.4&#8243; _module_preset=&#8221;default&#8221; global_colors_info=&#8221;{}&#8221;][et_pb_text _builder_version=&#8221;4.27.4&#8243; _module_preset=&#8221;default&#8221; header_2_font=&#8221;|700|||||||&#8221; header_2_text_align=&#8221;center&#8221; header_2_font_size=&#8221;42px&#8221; header_2_font_size_tablet=&#8221;50px&#8221; header_2_font_size_phone=&#8221;24px&#8221; header_2_font_size_last_edited=&#8221;on|phone&#8221; global_colors_info=&#8221;{}&#8221;]<\/p>\n<h2>Containers<\/h2>\n<p>[\/et_pb_text][et_pb_image src=&#8221;https:\/\/cart-sa.be\/wp-content\/uploads\/2025\/03\/Cart-Centre-de-tri-container.jpg&#8221; title_text=&#8221;Cart-Centre-de-tri-container&#8221; _builder_version=&#8221;4.27.4&#8243; _module_preset=&#8221;default&#8221; custom_margin=&#8221;0px||||false|false&#8221; custom_padding=&#8221;13px||||false|false&#8221; global_colors_info=&#8221;{}&#8221;][\/et_pb_image][et_pb_button button_url=&#8221;@ET-DC@eyJkeW5hbWljIjp0cnVlLCJjb250ZW50IjoicG9zdF9saW5rX3VybF9wYWdlIiwic2V0dGluZ3MiOnsicG9zdF9pZCI6IjY5NyJ9fQ==@&#8221; button_text=&#8221;En savoir plus&#8221; button_alignment=&#8221;center&#8221; _builder_version=&#8221;4.27.4&#8243; _dynamic_attributes=&#8221;button_url&#8221; _module_preset=&#8221;default&#8221; custom_margin=&#8221;||||false|false&#8221; custom_padding=&#8221;|10%||10%|false|false&#8221; global_colors_info=&#8221;{}&#8221;][\/et_pb_button][et_pb_text _builder_version=&#8221;4.27.4&#8243; _module_preset=&#8221;default&#8221; header_2_font=&#8221;|700|||||||&#8221; header_3_font=&#8221;|700||on|||||&#8221; header_4_font=&#8221;||||||||&#8221; header_4_text_align=&#8221;center&#8221; header_2_font_size_tablet=&#8221;&#8221; header_2_font_size_phone=&#8221;24px&#8221; header_2_font_size_last_edited=&#8221;on|phone&#8221; global_colors_info=&#8221;{}&#8221;]<\/p>\n<p class=\"p1\">CART propose un service de location de containers pour les particuliers et les professionnels, afin de faciliter la gestion des d\u00e9chets lors de chantiers, d\u00e9m\u00e9nagements ou grands nettoyages. Disponibles en diff\u00e9rentes tailles, ces containers permettent de collecter et trier efficacement divers types de d\u00e9chets, tels que les gravats, le bois, les encombrants, les d\u00e9chets verts ou encore l&#8217;amiante.<\/p>\n<p>[\/et_pb_text][\/et_pb_column][et_pb_column type=&#8221;1_3&#8243; _builder_version=&#8221;4.27.4&#8243; _module_preset=&#8221;default&#8221; global_colors_info=&#8221;{}&#8221;][et_pb_text _builder_version=&#8221;4.27.4&#8243; _module_preset=&#8221;default&#8221; header_2_font=&#8221;|700|||||||&#8221; header_2_text_align=&#8221;center&#8221; header_2_font_size=&#8221;42px&#8221; header_2_font_size_tablet=&#8221;50px&#8221; header_2_font_size_phone=&#8221;24px&#8221; header_2_font_size_last_edited=&#8221;on|phone&#8221; global_colors_info=&#8221;{}&#8221;]<\/p>\n<h2>Produits en vente<\/h2>\n<p>[\/et_pb_text][et_pb_image src=&#8221;https:\/\/cart-sa.be\/wp-content\/uploads\/2026\/03\/9.png&#8221; title_text=&#8221;9&#8243; _builder_version=&#8221;4.27.6&#8243; _module_preset=&#8221;default&#8221; custom_padding=&#8221;13px||||false|false&#8221; hover_enabled=&#8221;0&#8243; global_colors_info=&#8221;{}&#8221; sticky_enabled=&#8221;0&#8243;][\/et_pb_image][et_pb_button button_url=&#8221;@ET-DC@eyJkeW5hbWljIjp0cnVlLCJjb250ZW50IjoicG9zdF9saW5rX3VybF9wYWdlIiwic2V0dGluZ3MiOnsicG9zdF9pZCI6IjYzOSJ9fQ==@&#8221; button_text=&#8221;En savoir plus&#8221; button_alignment=&#8221;center&#8221; _builder_version=&#8221;4.27.4&#8243; _dynamic_attributes=&#8221;button_url&#8221; _module_preset=&#8221;default&#8221; custom_margin=&#8221;||||false|false&#8221; custom_padding=&#8221;|10%||10%|false|false&#8221; global_colors_info=&#8221;{}&#8221;][\/et_pb_button][et_pb_text _builder_version=&#8221;4.27.4&#8243; _module_preset=&#8221;default&#8221; header_2_font=&#8221;|700|||||||&#8221; header_3_font=&#8221;|700||on|||||&#8221; header_4_font=&#8221;||||||||&#8221; header_4_text_align=&#8221;center&#8221; header_2_font_size_tablet=&#8221;&#8221; header_2_font_size_phone=&#8221;24px&#8221; header_2_font_size_last_edited=&#8221;on|phone&#8221; global_colors_info=&#8221;{}&#8221;]<\/p>\n<p>Gr\u00e2ce \u00e0 une gestion responsable des d\u00e9chets, CART transforme les mat\u00e9riaux collect\u00e9s en ressources durables et de qualit\u00e9.<\/p>\n<p>Nous proposons du concass\u00e9 recycl\u00e9 et de la terre amend\u00e9e. <span>Dans le futur, nous envisageons d\u2019\u00e9largir consid\u00e9rablement notre gamme de produits. <\/span>Faites le choix d\u2019une approche \u00e9conomique et \u00e9cologique avec CART.<\/p>\n<p>[\/et_pb_text][\/et_pb_column][\/et_pb_row][\/et_pb_section]<\/p>\n","protected":false},"excerpt":{"rendered":"<p>Recyclage de d\u00e9chets pour professionnels et particuliersRecyclage de d\u00e9chets pour professionnels et particuliersCentre de triCART est un centre de tri ouvert aux professionnels mais aussi aux particuliers, offrant une solution efficace et responsable pour la gestion des d\u00e9chets. Gr\u00e2ce \u00e0 des infrastructures modernes et un tri rigoureux, CART valorise un maximum de mat\u00e9riaux en les [&hellip;]<\/p>\n","protected":false},"author":1,"featured_media":0,"parent":0,"menu_order":0,"comment_status":"closed","ping_status":"closed","template":"","meta":{"_et_pb_use_builder":"on","_et_pb_old_content":"","_et_gb_content_width":"","footnotes":""},"class_list":["post-962","page","type-page","status-publish","hentry"],"yoast_head":"<!-- This site is optimized with the Yoast SEO plugin v27.3 - https:\/\/yoast.com\/product\/yoast-seo-wordpress\/ -->\n<title>Afvalrecycling &amp; sorteercentrum in Jodoigne - CART<\/title>\n<meta name=\"description\" content=\"Afvalrecycling in Jodoigne: CART biedt een afvalsorteercentrum en de verhuur van containers aan. Reserveer vandaag nog uw container!\" \/>\n<meta name=\"robots\" content=\"index, follow, max-snippet:-1, max-image-preview:large, max-video-preview:-1\" \/>\n<link rel=\"canonical\" href=\"https:\/\/cart-sa.be\/nl\/\" \/>\n<meta property=\"og:locale\" content=\"nl_NL\" \/>\n<meta property=\"og:type\" content=\"article\" \/>\n<meta property=\"og:title\" content=\"Afvalrecycling &amp; sorteercentrum in Jodoigne - CART\" \/>\n<meta property=\"og:description\" content=\"Afvalrecycling in Jodoigne: CART biedt een afvalsorteercentrum en de verhuur van containers aan. Reserveer vandaag nog uw container!\" \/>\n<meta property=\"og:url\" content=\"https:\/\/cart-sa.be\/nl\/\" \/>\n<meta property=\"og:site_name\" content=\"CART\" \/>\n<meta property=\"article:publisher\" content=\"https:\/\/www.facebook.com\/CARTrecyclage\/\" \/>\n<meta property=\"article:modified_time\" content=\"2026-03-27T14:01:53+00:00\" \/>\n<meta name=\"twitter:card\" content=\"summary_large_image\" \/>\n<meta name=\"twitter:label1\" content=\"Geschatte leestijd\" \/>\n\t<meta name=\"twitter:data1\" content=\"2 minuten\" \/>\n<script type=\"application\/ld+json\" class=\"yoast-schema-graph\">{\"@context\":\"https:\\\/\\\/schema.org\",\"@graph\":[{\"@type\":\"WebPage\",\"@id\":\"https:\\\/\\\/cart-sa.be\\\/nl\\\/\",\"url\":\"https:\\\/\\\/cart-sa.be\\\/nl\\\/\",\"name\":\"Afvalrecycling & sorteercentrum in Jodoigne - CART\",\"isPartOf\":{\"@id\":\"https:\\\/\\\/cart-sa.be\\\/#website\"},\"datePublished\":\"2025-02-11T12:34:21+00:00\",\"dateModified\":\"2026-03-27T14:01:53+00:00\",\"description\":\"Afvalrecycling in Jodoigne: CART biedt een afvalsorteercentrum en de verhuur van containers aan. Reserveer vandaag nog uw container!\",\"breadcrumb\":{\"@id\":\"https:\\\/\\\/cart-sa.be\\\/nl\\\/#breadcrumb\"},\"inLanguage\":\"nl-NL\",\"potentialAction\":[{\"@type\":\"ReadAction\",\"target\":[\"https:\\\/\\\/cart-sa.be\\\/nl\\\/\"]}]},{\"@type\":\"BreadcrumbList\",\"@id\":\"https:\\\/\\\/cart-sa.be\\\/nl\\\/#breadcrumb\",\"itemListElement\":[{\"@type\":\"ListItem\",\"position\":1,\"name\":\"Accueil\",\"item\":\"https:\\\/\\\/cart-sa.be\\\/nl\\\/\"},{\"@type\":\"ListItem\",\"position\":2,\"name\":\"Accueil nl\"}]},{\"@type\":\"WebSite\",\"@id\":\"https:\\\/\\\/cart-sa.be\\\/#website\",\"url\":\"https:\\\/\\\/cart-sa.be\\\/\",\"name\":\"CART\",\"description\":\"Centre agr\u00e9\u00e9 de recyclage et de tri\",\"publisher\":{\"@id\":\"https:\\\/\\\/cart-sa.be\\\/#organization\"},\"potentialAction\":[{\"@type\":\"SearchAction\",\"target\":{\"@type\":\"EntryPoint\",\"urlTemplate\":\"https:\\\/\\\/cart-sa.be\\\/?s={search_term_string}\"},\"query-input\":{\"@type\":\"PropertyValueSpecification\",\"valueRequired\":true,\"valueName\":\"search_term_string\"}}],\"inLanguage\":\"nl-NL\"},{\"@type\":\"Organization\",\"@id\":\"https:\\\/\\\/cart-sa.be\\\/#organization\",\"name\":\"CART SA\",\"url\":\"https:\\\/\\\/cart-sa.be\\\/\",\"logo\":{\"@type\":\"ImageObject\",\"inLanguage\":\"nl-NL\",\"@id\":\"https:\\\/\\\/cart-sa.be\\\/#\\\/schema\\\/logo\\\/image\\\/\",\"url\":\"https:\\\/\\\/cart-sa.be\\\/wp-content\\\/uploads\\\/2025\\\/02\\\/LOGO-logo-2024.png\",\"contentUrl\":\"https:\\\/\\\/cart-sa.be\\\/wp-content\\\/uploads\\\/2025\\\/02\\\/LOGO-logo-2024.png\",\"width\":681,\"height\":150,\"caption\":\"CART SA\"},\"image\":{\"@id\":\"https:\\\/\\\/cart-sa.be\\\/#\\\/schema\\\/logo\\\/image\\\/\"},\"sameAs\":[\"https:\\\/\\\/www.facebook.com\\\/CARTrecyclage\\\/\"]}]}<\/script>\n<!-- \/ Yoast SEO plugin. -->","yoast_head_json":{"title":"Afvalrecycling & sorteercentrum in Jodoigne - CART","description":"Afvalrecycling in Jodoigne: CART biedt een afvalsorteercentrum en de verhuur van containers aan. Reserveer vandaag nog uw container!","robots":{"index":"index","follow":"follow","max-snippet":"max-snippet:-1","max-image-preview":"max-image-preview:large","max-video-preview":"max-video-preview:-1"},"canonical":"https:\/\/cart-sa.be\/nl\/","og_locale":"nl_NL","og_type":"article","og_title":"Afvalrecycling & sorteercentrum in Jodoigne - CART","og_description":"Afvalrecycling in Jodoigne: CART biedt een afvalsorteercentrum en de verhuur van containers aan. Reserveer vandaag nog uw container!","og_url":"https:\/\/cart-sa.be\/nl\/","og_site_name":"CART","article_publisher":"https:\/\/www.facebook.com\/CARTrecyclage\/","article_modified_time":"2026-03-27T14:01:53+00:00","twitter_card":"summary_large_image","twitter_misc":{"Geschatte leestijd":"2 minuten"},"schema":{"@context":"https:\/\/schema.org","@graph":[{"@type":"WebPage","@id":"https:\/\/cart-sa.be\/nl\/","url":"https:\/\/cart-sa.be\/nl\/","name":"Afvalrecycling & sorteercentrum in Jodoigne - CART","isPartOf":{"@id":"https:\/\/cart-sa.be\/#website"},"datePublished":"2025-02-11T12:34:21+00:00","dateModified":"2026-03-27T14:01:53+00:00","description":"Afvalrecycling in Jodoigne: CART biedt een afvalsorteercentrum en de verhuur van containers aan. Reserveer vandaag nog uw container!","breadcrumb":{"@id":"https:\/\/cart-sa.be\/nl\/#breadcrumb"},"inLanguage":"nl-NL","potentialAction":[{"@type":"ReadAction","target":["https:\/\/cart-sa.be\/nl\/"]}]},{"@type":"BreadcrumbList","@id":"https:\/\/cart-sa.be\/nl\/#breadcrumb","itemListElement":[{"@type":"ListItem","position":1,"name":"Accueil","item":"https:\/\/cart-sa.be\/nl\/"},{"@type":"ListItem","position":2,"name":"Accueil nl"}]},{"@type":"WebSite","@id":"https:\/\/cart-sa.be\/#website","url":"https:\/\/cart-sa.be\/","name":"CART","description":"Centre agr\u00e9\u00e9 de recyclage et de tri","publisher":{"@id":"https:\/\/cart-sa.be\/#organization"},"potentialAction":[{"@type":"SearchAction","target":{"@type":"EntryPoint","urlTemplate":"https:\/\/cart-sa.be\/?s={search_term_string}"},"query-input":{"@type":"PropertyValueSpecification","valueRequired":true,"valueName":"search_term_string"}}],"inLanguage":"nl-NL"},{"@type":"Organization","@id":"https:\/\/cart-sa.be\/#organization","name":"CART SA","url":"https:\/\/cart-sa.be\/","logo":{"@type":"ImageObject","inLanguage":"nl-NL","@id":"https:\/\/cart-sa.be\/#\/schema\/logo\/image\/","url":"https:\/\/cart-sa.be\/wp-content\/uploads\/2025\/02\/LOGO-logo-2024.png","contentUrl":"https:\/\/cart-sa.be\/wp-content\/uploads\/2025\/02\/LOGO-logo-2024.png","width":681,"height":150,"caption":"CART SA"},"image":{"@id":"https:\/\/cart-sa.be\/#\/schema\/logo\/image\/"},"sameAs":["https:\/\/www.facebook.com\/CARTrecyclage\/"]}]}},"_links":{"self":[{"href":"https:\/\/cart-sa.be\/nl\/wp-json\/wp\/v2\/pages\/962","targetHints":{"allow":["GET"]}}],"collection":[{"href":"https:\/\/cart-sa.be\/nl\/wp-json\/wp\/v2\/pages"}],"about":[{"href":"https:\/\/cart-sa.be\/nl\/wp-json\/wp\/v2\/types\/page"}],"author":[{"embeddable":true,"href":"https:\/\/cart-sa.be\/nl\/wp-json\/wp\/v2\/users\/1"}],"replies":[{"embeddable":true,"href":"https:\/\/cart-sa.be\/nl\/wp-json\/wp\/v2\/comments?post=962"}],"version-history":[{"count":6,"href":"https:\/\/cart-sa.be\/nl\/wp-json\/wp\/v2\/pages\/962\/revisions"}],"predecessor-version":[{"id":1029,"href":"https:\/\/cart-sa.be\/nl\/wp-json\/wp\/v2\/pages\/962\/revisions\/1029"}],"wp:attachment":[{"href":"https:\/\/cart-sa.be\/nl\/wp-json\/wp\/v2\/media?parent=962"}],"curies":[{"name":"wp","href":"https:\/\/api.w.org\/{rel}","templated":true}]}}