{"id":960,"date":"2025-02-11T14:35:30","date_gmt":"2025-02-11T13:35:30","guid":{"rendered":"https:\/\/cart-sa.be\/produits-a-la-vente\/"},"modified":"2026-03-06T14:37:02","modified_gmt":"2026-03-06T13:37:02","slug":"produits-a-la-vente","status":"publish","type":"page","link":"https:\/\/cart-sa.be\/nl\/produits-a-la-vente\/","title":{"rendered":"Produits \u00e0 la vente"},"content":{"rendered":"<p>[et_pb_section fb_built=&#8221;1&#8243; _builder_version=&#8221;4.27.4&#8243; _module_preset=&#8221;default&#8221; background_color=&#8221;RGBA(255,255,255,0)&#8221; background_enable_image=&#8221;off&#8221; background_blend=&#8221;difference&#8221; background_video_mp4=&#8221;https:\/\/cart-sa.be\/wp-content\/uploads\/2025\/07\/tri-1.mp4&#8243; background_enable_video_webm=&#8221;off&#8221; min_height_tablet=&#8221;&#8221; min_height_phone=&#8221;&#8221; min_height_last_edited=&#8221;on|desktop&#8221; hover_enabled=&#8221;0&#8243; global_colors_info=&#8221;{}&#8221; title_text=&#8221;tri (1)&#8221; sticky_enabled=&#8221;0&#8243;][et_pb_row disabled_on=&#8221;on|off|off&#8221; _builder_version=&#8221;4.27.4&#8243; _module_preset=&#8221;default&#8221; width=&#8221;51%&#8221; custom_margin=&#8221;5%|auto|5%|auto|false|false&#8221; global_colors_info=&#8221;{}&#8221;][et_pb_column type=&#8221;4_4&#8243; _builder_version=&#8221;4.27.4&#8243; _module_preset=&#8221;default&#8221; global_colors_info=&#8221;{}&#8221;][et_pb_text _builder_version=&#8221;4.27.4&#8243; _module_preset=&#8221;default&#8221; text_text_color=&#8221;#FFFFFF&#8221; text_font_size=&#8221;24px&#8221; header_font=&#8221;|700|||||||&#8221; header_text_color=&#8221;#FFFFFF&#8221; header_font_size=&#8221;62px&#8221; header_2_font=&#8221;|700|||||||&#8221; header_2_text_color=&#8221;#FFFFFF&#8221; header_2_font_size=&#8221;36px&#8221; header_3_font=&#8221;|700|||||||&#8221; header_3_text_color=&#8221;#FFFFFF&#8221; header_3_font_size=&#8221;30px&#8221; background_color=&#8221;rgba(248,119,45,0.63)&#8221; text_orientation=&#8221;center&#8221; custom_margin=&#8221;||||false|false&#8221; custom_padding=&#8221;3%|3%|3%|3%|false|false&#8221; text_font_size_tablet=&#8221;24px&#8221; text_font_size_phone=&#8221;18px&#8221; text_font_size_last_edited=&#8221;on|phone&#8221; header_font_size_tablet=&#8221;62px&#8221; header_font_size_phone=&#8221;33px&#8221; header_font_size_last_edited=&#8221;on|phone&#8221; header_2_font_size_tablet=&#8221;36px&#8221; header_2_font_size_phone=&#8221;&#8221; header_2_font_size_last_edited=&#8221;on|phone&#8221; header_3_font_size_tablet=&#8221;30px&#8221; header_3_font_size_phone=&#8221;&#8221; header_3_font_size_last_edited=&#8221;on|phone&#8221; global_colors_info=&#8221;{}&#8221;]<\/p>\n<h1>Produits \u00e0 la vente<\/h1>\n<h2>Des mat\u00e9riaux revaloris\u00e9s pour des solutions durables<\/h2>\n<h2><\/h2>\n<p>[\/et_pb_text][\/et_pb_column][\/et_pb_row][et_pb_row disabled_on=&#8221;off|on|on&#8221; _builder_version=&#8221;4.27.4&#8243; _module_preset=&#8221;default&#8221; custom_margin=&#8221;5%|auto|5%|auto|false|false&#8221; global_colors_info=&#8221;{}&#8221;][et_pb_column type=&#8221;4_4&#8243; _builder_version=&#8221;4.27.4&#8243; _module_preset=&#8221;default&#8221; global_colors_info=&#8221;{}&#8221;][et_pb_text _builder_version=&#8221;4.27.4&#8243; _module_preset=&#8221;default&#8221; text_text_color=&#8221;#FFFFFF&#8221; text_font_size=&#8221;24px&#8221; header_font=&#8221;|700|||||||&#8221; header_text_color=&#8221;#FFFFFF&#8221; header_font_size=&#8221;62px&#8221; header_2_font=&#8221;|700|||||||&#8221; header_2_text_color=&#8221;#FFFFFF&#8221; header_2_font_size=&#8221;36px&#8221; header_3_font=&#8221;|700|||||||&#8221; header_3_text_color=&#8221;#FFFFFF&#8221; header_3_font_size=&#8221;30px&#8221; background_color=&#8221;rgba(248,119,45,0.63)&#8221; text_orientation=&#8221;center&#8221; custom_margin=&#8221;||||false|false&#8221; custom_padding=&#8221;3%|3%|3%|3%|false|false&#8221; text_font_size_tablet=&#8221;24px&#8221; text_font_size_phone=&#8221;18px&#8221; text_font_size_last_edited=&#8221;on|phone&#8221; header_font_size_tablet=&#8221;62px&#8221; header_font_size_phone=&#8221;33px&#8221; header_font_size_last_edited=&#8221;on|phone&#8221; header_2_font_size_tablet=&#8221;36px&#8221; header_2_font_size_phone=&#8221;&#8221; header_2_font_size_last_edited=&#8221;on|phone&#8221; header_3_font_size_tablet=&#8221;30px&#8221; header_3_font_size_phone=&#8221;&#8221; header_3_font_size_last_edited=&#8221;on|phone&#8221; global_colors_info=&#8221;{}&#8221;]<\/p>\n<h1>Produits \u00e0 la vente<\/h1>\n<h2>Des mat\u00e9riaux revaloris\u00e9s pour des solutions durables<\/h2>\n<p>[\/et_pb_text][\/et_pb_column][\/et_pb_row][\/et_pb_section][et_pb_section fb_built=&#8221;1&#8243; _builder_version=&#8221;4.27.4&#8243; _module_preset=&#8221;default&#8221; custom_padding=&#8221;0px||0px|||&#8221; global_colors_info=&#8221;{}&#8221;][et_pb_row _builder_version=&#8221;4.27.4&#8243; _module_preset=&#8221;default&#8221; global_colors_info=&#8221;{}&#8221;][et_pb_column type=&#8221;4_4&#8243; _builder_version=&#8221;4.27.4&#8243; _module_preset=&#8221;default&#8221; global_colors_info=&#8221;{}&#8221;][et_pb_text _builder_version=&#8221;4.27.4&#8243; _module_preset=&#8221;default&#8221; text_orientation=&#8221;center&#8221; global_colors_info=&#8221;{}&#8221;]<\/p>\n<h2>La revalorisation des mat\u00e9riaux au service de solutions durables<\/h2>\n<p>Gr\u00e2ce \u00e0 une gestion efficace et responsable des d\u00e9chets, CART transforme les mat\u00e9riaux collect\u00e9s en produits recycl\u00e9s de qualit\u00e9, pr\u00eats \u00e0 \u00eatre r\u00e9utilis\u00e9s. Nous proposons \u00e0 la vente des ressources revaloris\u00e9es, telles que du concass\u00e9 recycl\u00e9 ou des terres amend\u00e9es, et <strong>cette offre continuera \u00e0 s\u2019\u00e9largir dans un futur proche<\/strong>. Pour vous procurer ces mat\u00e9riaux durables et respectueux de l\u2019environnement, il vous suffit de nous t\u00e9l\u00e9phoner ou bien de vous rendre directement \u00e0 l&#8217;accueil de notre site \u00e0 Jodoigne. Optez pour une solution \u00e0 la fois \u00e9conomique et \u00e9cologique en choisissant les produits recycl\u00e9s de CART.<\/p>\n<p>[\/et_pb_text][\/et_pb_column][\/et_pb_row][et_pb_row column_structure=&#8221;1_2,1_2&#8243; make_equal=&#8221;on&#8221; _builder_version=&#8221;4.27.4&#8243; _module_preset=&#8221;default&#8221; custom_padding=&#8221;||||false|false&#8221; global_colors_info=&#8221;{}&#8221;][et_pb_column type=&#8221;1_2&#8243; _builder_version=&#8221;4.27.4&#8243; _module_preset=&#8221;default&#8221; global_colors_info=&#8221;{}&#8221;][et_pb_text _builder_version=&#8221;4.27.4&#8243; _module_preset=&#8221;default&#8221; header_2_font=&#8221;|700|||||||&#8221; header_2_text_align=&#8221;center&#8221; header_2_font_size_tablet=&#8221;50px&#8221; header_2_font_size_phone=&#8221;24px&#8221; header_2_font_size_last_edited=&#8221;on|phone&#8221; global_colors_info=&#8221;{}&#8221;]<\/p>\n<h2>Concass\u00e9 recycl\u00e9<\/h2>\n<p>[\/et_pb_text][et_pb_image src=&#8221;http:\/\/cart.vistalaro.com\/wp-content\/uploads\/2025\/03\/Cover-Facebook-1.png&#8221; title_text=&#8221;Cover Facebook&#8221; _builder_version=&#8221;4.27.4&#8243; _module_preset=&#8221;default&#8221; global_colors_info=&#8221;{}&#8221;][\/et_pb_image][et_pb_text _builder_version=&#8221;4.27.4&#8243; _module_preset=&#8221;default&#8221; header_2_font=&#8221;|700|||||||&#8221; header_2_text_align=&#8221;center&#8221; header_2_font_size_tablet=&#8221;50px&#8221; header_2_font_size_phone=&#8221;24px&#8221; header_2_font_size_last_edited=&#8221;on|phone&#8221; global_colors_info=&#8221;{}&#8221;]<\/p>\n<p>Notre concass\u00e9 est fabriqu\u00e9 \u00e0 partir de mat\u00e9riaux recycl\u00e9s issus de chantiers, en utilisant le criblage et le concassage de gravats.<\/p>\n<p>Il est disponible en vrac, que ce soit pour la livraison ou l\u2019enl\u00e8vement. L\u2019enl\u00e8vement peut se faire en grands gabarits (semi-remorque) ou en plus petits formats (camionnette et remorque).<\/p>\n<p>[\/et_pb_text][\/et_pb_column][et_pb_column type=&#8221;1_2&#8243; _builder_version=&#8221;4.27.4&#8243; _module_preset=&#8221;default&#8221; global_colors_info=&#8221;{}&#8221;][et_pb_text _builder_version=&#8221;4.27.4&#8243; _module_preset=&#8221;default&#8221; header_2_font=&#8221;|700|||||||&#8221; header_2_text_align=&#8221;center&#8221; header_2_font_size_tablet=&#8221;50px&#8221; header_2_font_size_phone=&#8221;24px&#8221; header_2_font_size_last_edited=&#8221;on|phone&#8221; global_colors_info=&#8221;{}&#8221;]<\/p>\n<h2>Terres amend\u00e9es<\/h2>\n<p>[\/et_pb_text][et_pb_image src=&#8221;http:\/\/cart.vistalaro.com\/wp-content\/uploads\/2025\/03\/Cover-Facebook-copie.png&#8221; title_text=&#8221;Cover Facebook copie&#8221; _builder_version=&#8221;4.27.4&#8243; _module_preset=&#8221;default&#8221; global_colors_info=&#8221;{}&#8221;][\/et_pb_image][et_pb_text _builder_version=&#8221;4.27.4&#8243; _module_preset=&#8221;default&#8221; header_2_font=&#8221;|700|||||||&#8221; header_2_text_align=&#8221;center&#8221; header_2_font_size_tablet=&#8221;50px&#8221; header_2_font_size_phone=&#8221;24px&#8221; header_2_font_size_last_edited=&#8221;on|phone&#8221; global_colors_info=&#8221;{}&#8221;]<\/p>\n<p>Notre terre amend\u00e9e provient du tri des d\u00e9chets inertes. Elle est am\u00e9lior\u00e9e avec du compost et est donc id\u00e9ale pour vos projets d&#8217;am\u00e9nagement paysager, de nivellement de terrain, etc.<\/p>\n<p>Disponible en vrac, nous assurons la livraison ou l\u2019enl\u00e8vement selon vos besoins, avec des v\u00e9hicules adapt\u00e9s, allant des grands gabarits (semi-remorque) aux plus petits (camionnette et remorque).<\/p>\n<p>[\/et_pb_text][\/et_pb_column][\/et_pb_row][\/et_pb_section]<\/p>\n","protected":false},"excerpt":{"rendered":"<p>Produits \u00e0 la vente Des mat\u00e9riaux revaloris\u00e9s pour des solutions durables Produits \u00e0 la vente Des mat\u00e9riaux revaloris\u00e9s pour des solutions durablesLa revalorisation des mat\u00e9riaux au service de solutions durables Gr\u00e2ce \u00e0 une gestion efficace et responsable des d\u00e9chets, CART transforme les mat\u00e9riaux collect\u00e9s en produits recycl\u00e9s de qualit\u00e9, pr\u00eats \u00e0 \u00eatre r\u00e9utilis\u00e9s. Nous proposons [&hellip;]<\/p>\n","protected":false},"author":1,"featured_media":0,"parent":0,"menu_order":0,"comment_status":"closed","ping_status":"closed","template":"","meta":{"_et_pb_use_builder":"on","_et_pb_old_content":"","_et_gb_content_width":"","footnotes":""},"class_list":["post-960","page","type-page","status-publish","hentry"],"yoast_head":"<!-- This site is optimized with the Yoast SEO plugin v27.3 - https:\/\/yoast.com\/product\/yoast-seo-wordpress\/ -->\n<title>Produits \u00e0 la vente - CART<\/title>\n<meta name=\"robots\" content=\"index, follow, max-snippet:-1, max-image-preview:large, max-video-preview:-1\" \/>\n<link rel=\"canonical\" href=\"https:\/\/cart-sa.be\/nl\/produits-a-la-vente\/\" \/>\n<meta property=\"og:locale\" content=\"nl_NL\" \/>\n<meta property=\"og:type\" content=\"article\" \/>\n<meta property=\"og:title\" content=\"Produits \u00e0 la vente - CART\" \/>\n<meta property=\"og:description\" content=\"Produits \u00e0 la vente Des mat\u00e9riaux revaloris\u00e9s pour des solutions durables Produits \u00e0 la vente Des mat\u00e9riaux revaloris\u00e9s pour des solutions durablesLa revalorisation des mat\u00e9riaux au service de solutions durables Gr\u00e2ce \u00e0 une gestion efficace et responsable des d\u00e9chets, CART transforme les mat\u00e9riaux collect\u00e9s en produits recycl\u00e9s de qualit\u00e9, pr\u00eats \u00e0 \u00eatre r\u00e9utilis\u00e9s. Nous proposons [&hellip;]\" \/>\n<meta property=\"og:url\" content=\"https:\/\/cart-sa.be\/nl\/produits-a-la-vente\/\" \/>\n<meta property=\"og:site_name\" content=\"CART\" \/>\n<meta property=\"article:publisher\" content=\"https:\/\/www.facebook.com\/CARTrecyclage\/\" \/>\n<meta property=\"article:modified_time\" content=\"2026-03-06T13:37:02+00:00\" \/>\n<meta name=\"twitter:card\" content=\"summary_large_image\" \/>\n<meta name=\"twitter:label1\" content=\"Geschatte leestijd\" \/>\n\t<meta name=\"twitter:data1\" content=\"5 minuten\" \/>\n<script type=\"application\/ld+json\" class=\"yoast-schema-graph\">{\"@context\":\"https:\\\/\\\/schema.org\",\"@graph\":[{\"@type\":\"WebPage\",\"@id\":\"https:\\\/\\\/cart-sa.be\\\/nl\\\/produits-a-la-vente\\\/\",\"url\":\"https:\\\/\\\/cart-sa.be\\\/nl\\\/produits-a-la-vente\\\/\",\"name\":\"Produits \u00e0 la vente - CART\",\"isPartOf\":{\"@id\":\"https:\\\/\\\/cart-sa.be\\\/#website\"},\"datePublished\":\"2025-02-11T13:35:30+00:00\",\"dateModified\":\"2026-03-06T13:37:02+00:00\",\"breadcrumb\":{\"@id\":\"https:\\\/\\\/cart-sa.be\\\/nl\\\/produits-a-la-vente\\\/#breadcrumb\"},\"inLanguage\":\"nl-NL\",\"potentialAction\":[{\"@type\":\"ReadAction\",\"target\":[\"https:\\\/\\\/cart-sa.be\\\/nl\\\/produits-a-la-vente\\\/\"]}]},{\"@type\":\"BreadcrumbList\",\"@id\":\"https:\\\/\\\/cart-sa.be\\\/nl\\\/produits-a-la-vente\\\/#breadcrumb\",\"itemListElement\":[{\"@type\":\"ListItem\",\"position\":1,\"name\":\"Accueil\",\"item\":\"https:\\\/\\\/cart-sa.be\\\/nl\\\/\"},{\"@type\":\"ListItem\",\"position\":2,\"name\":\"Produits \u00e0 la vente\"}]},{\"@type\":\"WebSite\",\"@id\":\"https:\\\/\\\/cart-sa.be\\\/#website\",\"url\":\"https:\\\/\\\/cart-sa.be\\\/\",\"name\":\"CART\",\"description\":\"Centre agr\u00e9\u00e9 de recyclage et de tri\",\"publisher\":{\"@id\":\"https:\\\/\\\/cart-sa.be\\\/#organization\"},\"potentialAction\":[{\"@type\":\"SearchAction\",\"target\":{\"@type\":\"EntryPoint\",\"urlTemplate\":\"https:\\\/\\\/cart-sa.be\\\/?s={search_term_string}\"},\"query-input\":{\"@type\":\"PropertyValueSpecification\",\"valueRequired\":true,\"valueName\":\"search_term_string\"}}],\"inLanguage\":\"nl-NL\"},{\"@type\":\"Organization\",\"@id\":\"https:\\\/\\\/cart-sa.be\\\/#organization\",\"name\":\"CART SA\",\"url\":\"https:\\\/\\\/cart-sa.be\\\/\",\"logo\":{\"@type\":\"ImageObject\",\"inLanguage\":\"nl-NL\",\"@id\":\"https:\\\/\\\/cart-sa.be\\\/#\\\/schema\\\/logo\\\/image\\\/\",\"url\":\"https:\\\/\\\/cart-sa.be\\\/wp-content\\\/uploads\\\/2025\\\/02\\\/LOGO-logo-2024.png\",\"contentUrl\":\"https:\\\/\\\/cart-sa.be\\\/wp-content\\\/uploads\\\/2025\\\/02\\\/LOGO-logo-2024.png\",\"width\":681,\"height\":150,\"caption\":\"CART SA\"},\"image\":{\"@id\":\"https:\\\/\\\/cart-sa.be\\\/#\\\/schema\\\/logo\\\/image\\\/\"},\"sameAs\":[\"https:\\\/\\\/www.facebook.com\\\/CARTrecyclage\\\/\"]}]}<\/script>\n<!-- \/ Yoast SEO plugin. -->","yoast_head_json":{"title":"Produits \u00e0 la vente - CART","robots":{"index":"index","follow":"follow","max-snippet":"max-snippet:-1","max-image-preview":"max-image-preview:large","max-video-preview":"max-video-preview:-1"},"canonical":"https:\/\/cart-sa.be\/nl\/produits-a-la-vente\/","og_locale":"nl_NL","og_type":"article","og_title":"Produits \u00e0 la vente - CART","og_description":"Produits \u00e0 la vente Des mat\u00e9riaux revaloris\u00e9s pour des solutions durables Produits \u00e0 la vente Des mat\u00e9riaux revaloris\u00e9s pour des solutions durablesLa revalorisation des mat\u00e9riaux au service de solutions durables Gr\u00e2ce \u00e0 une gestion efficace et responsable des d\u00e9chets, CART transforme les mat\u00e9riaux collect\u00e9s en produits recycl\u00e9s de qualit\u00e9, pr\u00eats \u00e0 \u00eatre r\u00e9utilis\u00e9s. Nous proposons [&hellip;]","og_url":"https:\/\/cart-sa.be\/nl\/produits-a-la-vente\/","og_site_name":"CART","article_publisher":"https:\/\/www.facebook.com\/CARTrecyclage\/","article_modified_time":"2026-03-06T13:37:02+00:00","twitter_card":"summary_large_image","twitter_misc":{"Geschatte leestijd":"5 minuten"},"schema":{"@context":"https:\/\/schema.org","@graph":[{"@type":"WebPage","@id":"https:\/\/cart-sa.be\/nl\/produits-a-la-vente\/","url":"https:\/\/cart-sa.be\/nl\/produits-a-la-vente\/","name":"Produits \u00e0 la vente - CART","isPartOf":{"@id":"https:\/\/cart-sa.be\/#website"},"datePublished":"2025-02-11T13:35:30+00:00","dateModified":"2026-03-06T13:37:02+00:00","breadcrumb":{"@id":"https:\/\/cart-sa.be\/nl\/produits-a-la-vente\/#breadcrumb"},"inLanguage":"nl-NL","potentialAction":[{"@type":"ReadAction","target":["https:\/\/cart-sa.be\/nl\/produits-a-la-vente\/"]}]},{"@type":"BreadcrumbList","@id":"https:\/\/cart-sa.be\/nl\/produits-a-la-vente\/#breadcrumb","itemListElement":[{"@type":"ListItem","position":1,"name":"Accueil","item":"https:\/\/cart-sa.be\/nl\/"},{"@type":"ListItem","position":2,"name":"Produits \u00e0 la vente"}]},{"@type":"WebSite","@id":"https:\/\/cart-sa.be\/#website","url":"https:\/\/cart-sa.be\/","name":"CART","description":"Centre agr\u00e9\u00e9 de recyclage et de tri","publisher":{"@id":"https:\/\/cart-sa.be\/#organization"},"potentialAction":[{"@type":"SearchAction","target":{"@type":"EntryPoint","urlTemplate":"https:\/\/cart-sa.be\/?s={search_term_string}"},"query-input":{"@type":"PropertyValueSpecification","valueRequired":true,"valueName":"search_term_string"}}],"inLanguage":"nl-NL"},{"@type":"Organization","@id":"https:\/\/cart-sa.be\/#organization","name":"CART SA","url":"https:\/\/cart-sa.be\/","logo":{"@type":"ImageObject","inLanguage":"nl-NL","@id":"https:\/\/cart-sa.be\/#\/schema\/logo\/image\/","url":"https:\/\/cart-sa.be\/wp-content\/uploads\/2025\/02\/LOGO-logo-2024.png","contentUrl":"https:\/\/cart-sa.be\/wp-content\/uploads\/2025\/02\/LOGO-logo-2024.png","width":681,"height":150,"caption":"CART SA"},"image":{"@id":"https:\/\/cart-sa.be\/#\/schema\/logo\/image\/"},"sameAs":["https:\/\/www.facebook.com\/CARTrecyclage\/"]}]}},"_links":{"self":[{"href":"https:\/\/cart-sa.be\/nl\/wp-json\/wp\/v2\/pages\/960","targetHints":{"allow":["GET"]}}],"collection":[{"href":"https:\/\/cart-sa.be\/nl\/wp-json\/wp\/v2\/pages"}],"about":[{"href":"https:\/\/cart-sa.be\/nl\/wp-json\/wp\/v2\/types\/page"}],"author":[{"embeddable":true,"href":"https:\/\/cart-sa.be\/nl\/wp-json\/wp\/v2\/users\/1"}],"replies":[{"embeddable":true,"href":"https:\/\/cart-sa.be\/nl\/wp-json\/wp\/v2\/comments?post=960"}],"version-history":[{"count":1,"href":"https:\/\/cart-sa.be\/nl\/wp-json\/wp\/v2\/pages\/960\/revisions"}],"predecessor-version":[{"id":968,"href":"https:\/\/cart-sa.be\/nl\/wp-json\/wp\/v2\/pages\/960\/revisions\/968"}],"wp:attachment":[{"href":"https:\/\/cart-sa.be\/nl\/wp-json\/wp\/v2\/media?parent=960"}],"curies":[{"name":"wp","href":"https:\/\/api.w.org\/{rel}","templated":true}]}}