{"id":959,"date":"2025-02-11T14:58:23","date_gmt":"2025-02-11T13:58:23","guid":{"rendered":"https:\/\/cart-sa.be\/le-groupe\/"},"modified":"2026-03-06T15:26:34","modified_gmt":"2026-03-06T14:26:34","slug":"le-groupe","status":"publish","type":"page","link":"https:\/\/cart-sa.be\/nl\/le-groupe\/","title":{"rendered":"Le groupe"},"content":{"rendered":"<p>[et_pb_section fb_built=&#8221;1&#8243; _builder_version=&#8221;4.27.4&#8243; _module_preset=&#8221;default&#8221; background_enable_color=&#8221;off&#8221; background_image=&#8221;https:\/\/cart-sa.be\/wp-content\/uploads\/2025\/02\/Design-sans-titre-11.png&#8221; background_size=&#8221;contain&#8221; background_enable_video_mp4=&#8221;off&#8221; background_enable_video_webm=&#8221;off&#8221; width=&#8221;45%&#8221; module_alignment=&#8221;center&#8221; min_height_tablet=&#8221;&#8221; min_height_phone=&#8221;&#8221; min_height_last_edited=&#8221;on|desktop&#8221; custom_padding=&#8221;9%||9%||true|false&#8221; global_colors_info=&#8221;{}&#8221;][\/et_pb_section][et_pb_section fb_built=&#8221;1&#8243; _builder_version=&#8221;4.27.4&#8243; _module_preset=&#8221;default&#8221; custom_padding=&#8221;0px||0px|||&#8221; global_colors_info=&#8221;{}&#8221;][et_pb_row _builder_version=&#8221;4.27.4&#8243; _module_preset=&#8221;default&#8221; global_colors_info=&#8221;{}&#8221;][et_pb_column type=&#8221;4_4&#8243; _builder_version=&#8221;4.27.4&#8243; _module_preset=&#8221;default&#8221; global_colors_info=&#8221;{}&#8221;][et_pb_text _builder_version=&#8221;4.27.4&#8243; _module_preset=&#8221;default&#8221; text_orientation=&#8221;center&#8221; global_colors_info=&#8221;{}&#8221;]<\/p>\n<h2>Une synergie au service de l\u2019\u00e9conomie circulaire<\/h2>\n<p>Notre groupe r\u00e9unit quatre entreprises compl\u00e9mentaires qui travaillent ensemble pour offrir des solutions globales et durables dans le secteur du bois, des d\u00e9chets et de la logistique. Gr\u00e2ce \u00e0 cette organisation int\u00e9gr\u00e9e, nous optimisons chaque \u00e9tape du cycle de valorisation des mat\u00e9riaux, depuis la collecte jusqu\u2019\u00e0 la r\u00e9utilisation, en passant par le transport et la transformation. Cette approche nous permet d\u2019assurer une gestion efficace des ressources tout en garantissant des services performants et respectueux de l\u2019environnement.<\/p>\n<p>[\/et_pb_text][\/et_pb_column][\/et_pb_row][et_pb_row column_structure=&#8221;1_4,1_4,1_4,1_4&#8243; _builder_version=&#8221;4.27.4&#8243; _module_preset=&#8221;default&#8221; custom_padding=&#8221;||||false|false&#8221; global_colors_info=&#8221;{}&#8221;][et_pb_column type=&#8221;1_4&#8243; _builder_version=&#8221;4.27.4&#8243; _module_preset=&#8221;default&#8221; global_colors_info=&#8221;{}&#8221;][et_pb_image src=&#8221;http:\/\/cart.vistalaro.com\/wp-content\/uploads\/2025\/02\/Logo-Extram.png&#8221; title_text=&#8221;Logo-Extram&#8221; _builder_version=&#8221;4.27.4&#8243; _module_preset=&#8221;default&#8221; hover_enabled=&#8221;0&#8243; global_colors_info=&#8221;{}&#8221; url=&#8221;https:\/\/extram.be\/&#8221; url_new_window=&#8221;on&#8221; sticky_enabled=&#8221;0&#8243;][\/et_pb_image][et_pb_text _builder_version=&#8221;4.27.4&#8243; _module_preset=&#8221;default&#8221; header_2_font=&#8221;|700|||||||&#8221; header_2_text_align=&#8221;center&#8221; header_2_font_size_tablet=&#8221;50px&#8221; header_2_font_size_phone=&#8221;24px&#8221; header_2_font_size_last_edited=&#8221;on|phone&#8221; global_colors_info=&#8221;{}&#8221;]<\/p>\n<h2>Commerce de bois et de d\u00e9chets<\/h2>\n<p>EXTRAM est sp\u00e9cialis\u00e9e dans l\u2019exploitation foresti\u00e8re et la valorisation des d\u00e9chets bois\u00e9s. Elle assure l\u2019approvisionnement en mati\u00e8res premi\u00e8res recyclables et en bois destin\u00e9 \u00e0 diff\u00e9rentes industries, notamment l\u2019\u00e9nergie et la construction.<\/p>\n<p>[\/et_pb_text][\/et_pb_column][et_pb_column type=&#8221;1_4&#8243; _builder_version=&#8221;4.27.4&#8243; _module_preset=&#8221;default&#8221; global_colors_info=&#8221;{}&#8221;][et_pb_image src=&#8221;http:\/\/cart.vistalaro.com\/wp-content\/uploads\/2025\/02\/Logo-Cart.png&#8221; title_text=&#8221;Logo-Cart&#8221; _builder_version=&#8221;4.27.4&#8243; _module_preset=&#8221;default&#8221; hover_enabled=&#8221;0&#8243; global_colors_info=&#8221;{}&#8221; url=&#8221;https:\/\/cart-sa.be\/&#8221; sticky_enabled=&#8221;0&#8243;][\/et_pb_image][et_pb_text _builder_version=&#8221;4.27.4&#8243; _module_preset=&#8221;default&#8221; header_2_font=&#8221;|700|||||||&#8221; header_2_text_align=&#8221;center&#8221; header_2_font_size_tablet=&#8221;50px&#8221; header_2_font_size_phone=&#8221;24px&#8221; header_2_font_size_last_edited=&#8221;on|phone&#8221; global_colors_info=&#8221;{}&#8221;]<\/p>\n<h2>Recyclage de d\u00e9chets<\/h2>\n<p>CART collecte et trie les d\u00e9chets industriels et les transforme en produits recycl\u00e9s de haute qualit\u00e9. Gr\u00e2ce \u00e0 son expertise en tri et en valorisation, elle fournit des mati\u00e8res premi\u00e8res r\u00e9utilisables, r\u00e9duisant ainsi l\u2019empreinte \u00e9cologique et contribuant \u00e0 l\u2019\u00e9conomie circulaire.<\/p>\n<p>[\/et_pb_text][\/et_pb_column][et_pb_column type=&#8221;1_4&#8243; _builder_version=&#8221;4.27.4&#8243; _module_preset=&#8221;default&#8221; global_colors_info=&#8221;{}&#8221;][et_pb_image src=&#8221;http:\/\/cart.vistalaro.com\/wp-content\/uploads\/2025\/02\/Logo-Ecotri.png&#8221; title_text=&#8221;Logo-Ecotri&#8221; _builder_version=&#8221;4.27.4&#8243; _module_preset=&#8221;default&#8221; hover_enabled=&#8221;0&#8243; global_colors_info=&#8221;{}&#8221; url=&#8221;https:\/\/ecotri-srl.be\/&#8221; url_new_window=&#8221;on&#8221; sticky_enabled=&#8221;0&#8243;][\/et_pb_image][et_pb_text _builder_version=&#8221;4.27.4&#8243; _module_preset=&#8221;default&#8221; header_2_font=&#8221;|700|||||||&#8221; header_2_text_align=&#8221;center&#8221; header_2_font_size_tablet=&#8221;50px&#8221; header_2_font_size_phone=&#8221;24px&#8221; header_2_font_size_last_edited=&#8221;on|phone&#8221; global_colors_info=&#8221;{}&#8221;]<\/p>\n<h2>Biomasse et recyclage du bois<\/h2>\n<p>ECOTRI joue un r\u00f4le cl\u00e9 dans la transformation du bois et des d\u00e9chets organiques en biomasse \u00e9nerg\u00e9tique et participe activement \u00e0 la production d\u2019\u00e9nergies renouvelables.<\/p>\n<p>En plus d\u2019optimiser la valorisation des ressources issues du recyclage, l\u2019entreprise propose des solutions de stockage et de transbordement adapt\u00e9es aux besoins des entreprises.<\/p>\n<p>[\/et_pb_text][\/et_pb_column][et_pb_column type=&#8221;1_4&#8243; _builder_version=&#8221;4.27.4&#8243; _module_preset=&#8221;default&#8221; global_colors_info=&#8221;{}&#8221;][et_pb_image src=&#8221;http:\/\/cart.vistalaro.com\/wp-content\/uploads\/2025\/02\/Logo-Cemotra.png&#8221; title_text=&#8221;Logo-Cemotra&#8221; _builder_version=&#8221;4.27.4&#8243; _module_preset=&#8221;default&#8221; global_colors_info=&#8221;{}&#8221;][\/et_pb_image][et_pb_text _builder_version=&#8221;4.27.4&#8243; _module_preset=&#8221;default&#8221; header_2_font=&#8221;|700|||||||&#8221; header_2_text_align=&#8221;center&#8221; header_2_font_size_tablet=&#8221;50px&#8221; header_2_font_size_phone=&#8221;24px&#8221; header_2_font_size_last_edited=&#8221;on|phone&#8221; global_colors_info=&#8221;{}&#8221;]<\/p>\n<h2>Logistique et transport<\/h2>\n<p>CEMOTRA assure le transport et la logistique des mati\u00e8res premi\u00e8res, des produits recycl\u00e9s et des d\u00e9chets. Son expertise en gestion des flux garantit une distribution efficace et optimis\u00e9e, facilitant l\u2019ensemble des op\u00e9rations du groupe.<\/p>\n<p>[\/et_pb_text][\/et_pb_column][\/et_pb_row][et_pb_row column_structure=&#8221;2_5,3_5&#8243; _builder_version=&#8221;4.27.4&#8243; _module_preset=&#8221;default&#8221; global_colors_info=&#8221;{}&#8221;][et_pb_column type=&#8221;2_5&#8243; _builder_version=&#8221;4.27.4&#8243; _module_preset=&#8221;default&#8221; global_colors_info=&#8221;{}&#8221;][et_pb_image src=&#8221;http:\/\/cart.vistalaro.com\/wp-content\/uploads\/2025\/02\/Design-sans-titre-9.png&#8221; title_text=&#8221;Design sans titre (9)&#8221; _builder_version=&#8221;4.27.4&#8243; _module_preset=&#8221;default&#8221; global_colors_info=&#8221;{}&#8221;][\/et_pb_image][\/et_pb_column][et_pb_column type=&#8221;3_5&#8243; _builder_version=&#8221;4.27.4&#8243; _module_preset=&#8221;default&#8221; global_colors_info=&#8221;{}&#8221;][et_pb_text _builder_version=&#8221;4.27.4&#8243; _module_preset=&#8221;default&#8221; global_colors_info=&#8221;{}&#8221;]<\/p>\n<h2>Une cha\u00eene de valeur optimis\u00e9e pour un impact positif<\/h2>\n<p>L\u2019int\u00e9gration de ces quatre soci\u00e9t\u00e9s au sein d\u2019un m\u00eame groupe nous permet de cr\u00e9er une synergie unique, o\u00f9 chaque entreprise alimente et soutient les activit\u00e9s des autres. EXTRAM collecte et fournit le bois et les d\u00e9chets, CART les recycle et les transforme en mati\u00e8res r\u00e9utilisables, ECOTRI valorise ces mat\u00e9riaux en biomasse et en \u00e9nergie, tandis que CEMOTRA assure la logistique pour garantir un acheminement fluide et efficace.<\/p>\n<p>Gr\u00e2ce \u00e0 cette organisation, nous proposons \u00e0 nos clients des solutions sur-mesure, durables et \u00e9conomiques. En ma\u00eetrisant l\u2019ensemble du processus, nous r\u00e9duisons les co\u00fbts, minimisons les pertes et favorisons une approche plus respectueuse de l\u2019environnement.<\/p>\n<p>Notre force r\u00e9side dans cette collaboration intelligente, o\u00f9 chaque acteur contribue \u00e0 b\u00e2tir un mod\u00e8le plus vertueux, au service d\u2019un monde plus durable.<\/p>\n<p>[\/et_pb_text][\/et_pb_column][\/et_pb_row][\/et_pb_section]<\/p>\n","protected":false},"excerpt":{"rendered":"<p>Une synergie au service de l\u2019\u00e9conomie circulaire Notre groupe r\u00e9unit quatre entreprises compl\u00e9mentaires qui travaillent ensemble pour offrir des solutions globales et durables dans le secteur du bois, des d\u00e9chets et de la logistique. Gr\u00e2ce \u00e0 cette organisation int\u00e9gr\u00e9e, nous optimisons chaque \u00e9tape du cycle de valorisation des mat\u00e9riaux, depuis la collecte jusqu\u2019\u00e0 la r\u00e9utilisation, [&hellip;]<\/p>\n","protected":false},"author":1,"featured_media":0,"parent":0,"menu_order":0,"comment_status":"closed","ping_status":"closed","template":"","meta":{"_et_pb_use_builder":"on","_et_pb_old_content":"","_et_gb_content_width":"","footnotes":""},"class_list":["post-959","page","type-page","status-publish","hentry"],"yoast_head":"<!-- This site is optimized with the Yoast SEO plugin v27.3 - https:\/\/yoast.com\/product\/yoast-seo-wordpress\/ -->\n<title>Le Groupe : Acteur de l&#039;\u00e9conomie circulaire - CART<\/title>\n<meta name=\"description\" content=\"D\u00e9couvrez la synergie de notre groupe : EXTRAM, CART, ECOTRI et CEMOTRA. 4 entreprises expertes en \u00e9conomie circulaire.\" \/>\n<meta name=\"robots\" content=\"index, follow, max-snippet:-1, max-image-preview:large, max-video-preview:-1\" \/>\n<link rel=\"canonical\" href=\"https:\/\/cart-sa.be\/nl\/le-groupe\/\" \/>\n<meta property=\"og:locale\" content=\"nl_NL\" \/>\n<meta property=\"og:type\" content=\"article\" \/>\n<meta property=\"og:title\" content=\"Le Groupe : Acteur de l&#039;\u00e9conomie circulaire - CART\" \/>\n<meta property=\"og:description\" content=\"D\u00e9couvrez la synergie de notre groupe : EXTRAM, CART, ECOTRI et CEMOTRA. 4 entreprises expertes en \u00e9conomie circulaire.\" \/>\n<meta property=\"og:url\" content=\"https:\/\/cart-sa.be\/nl\/le-groupe\/\" \/>\n<meta property=\"og:site_name\" content=\"CART\" \/>\n<meta property=\"article:publisher\" content=\"https:\/\/www.facebook.com\/CARTrecyclage\/\" \/>\n<meta property=\"article:modified_time\" content=\"2026-03-06T14:26:34+00:00\" \/>\n<meta name=\"twitter:card\" content=\"summary_large_image\" \/>\n<meta name=\"twitter:label1\" content=\"Geschatte leestijd\" \/>\n\t<meta name=\"twitter:data1\" content=\"3 minuten\" \/>\n<script type=\"application\/ld+json\" class=\"yoast-schema-graph\">{\"@context\":\"https:\\\/\\\/schema.org\",\"@graph\":[{\"@type\":\"WebPage\",\"@id\":\"https:\\\/\\\/cart-sa.be\\\/nl\\\/le-groupe\\\/\",\"url\":\"https:\\\/\\\/cart-sa.be\\\/nl\\\/le-groupe\\\/\",\"name\":\"Le Groupe : Acteur de l'\u00e9conomie circulaire - CART\",\"isPartOf\":{\"@id\":\"https:\\\/\\\/cart-sa.be\\\/#website\"},\"datePublished\":\"2025-02-11T13:58:23+00:00\",\"dateModified\":\"2026-03-06T14:26:34+00:00\",\"description\":\"D\u00e9couvrez la synergie de notre groupe : EXTRAM, CART, ECOTRI et CEMOTRA. 4 entreprises expertes en \u00e9conomie circulaire.\",\"breadcrumb\":{\"@id\":\"https:\\\/\\\/cart-sa.be\\\/nl\\\/le-groupe\\\/#breadcrumb\"},\"inLanguage\":\"nl-NL\",\"potentialAction\":[{\"@type\":\"ReadAction\",\"target\":[\"https:\\\/\\\/cart-sa.be\\\/nl\\\/le-groupe\\\/\"]}]},{\"@type\":\"BreadcrumbList\",\"@id\":\"https:\\\/\\\/cart-sa.be\\\/nl\\\/le-groupe\\\/#breadcrumb\",\"itemListElement\":[{\"@type\":\"ListItem\",\"position\":1,\"name\":\"Accueil\",\"item\":\"https:\\\/\\\/cart-sa.be\\\/nl\\\/\"},{\"@type\":\"ListItem\",\"position\":2,\"name\":\"Le Groupe\"}]},{\"@type\":\"WebSite\",\"@id\":\"https:\\\/\\\/cart-sa.be\\\/#website\",\"url\":\"https:\\\/\\\/cart-sa.be\\\/\",\"name\":\"CART\",\"description\":\"Centre agr\u00e9\u00e9 de recyclage et de tri\",\"publisher\":{\"@id\":\"https:\\\/\\\/cart-sa.be\\\/#organization\"},\"potentialAction\":[{\"@type\":\"SearchAction\",\"target\":{\"@type\":\"EntryPoint\",\"urlTemplate\":\"https:\\\/\\\/cart-sa.be\\\/?s={search_term_string}\"},\"query-input\":{\"@type\":\"PropertyValueSpecification\",\"valueRequired\":true,\"valueName\":\"search_term_string\"}}],\"inLanguage\":\"nl-NL\"},{\"@type\":\"Organization\",\"@id\":\"https:\\\/\\\/cart-sa.be\\\/#organization\",\"name\":\"CART SA\",\"url\":\"https:\\\/\\\/cart-sa.be\\\/\",\"logo\":{\"@type\":\"ImageObject\",\"inLanguage\":\"nl-NL\",\"@id\":\"https:\\\/\\\/cart-sa.be\\\/#\\\/schema\\\/logo\\\/image\\\/\",\"url\":\"https:\\\/\\\/cart-sa.be\\\/wp-content\\\/uploads\\\/2025\\\/02\\\/LOGO-logo-2024.png\",\"contentUrl\":\"https:\\\/\\\/cart-sa.be\\\/wp-content\\\/uploads\\\/2025\\\/02\\\/LOGO-logo-2024.png\",\"width\":681,\"height\":150,\"caption\":\"CART SA\"},\"image\":{\"@id\":\"https:\\\/\\\/cart-sa.be\\\/#\\\/schema\\\/logo\\\/image\\\/\"},\"sameAs\":[\"https:\\\/\\\/www.facebook.com\\\/CARTrecyclage\\\/\"]}]}<\/script>\n<!-- \/ Yoast SEO plugin. -->","yoast_head_json":{"title":"Le Groupe : Acteur de l'\u00e9conomie circulaire - CART","description":"D\u00e9couvrez la synergie de notre groupe : EXTRAM, CART, ECOTRI et CEMOTRA. 4 entreprises expertes en \u00e9conomie circulaire.","robots":{"index":"index","follow":"follow","max-snippet":"max-snippet:-1","max-image-preview":"max-image-preview:large","max-video-preview":"max-video-preview:-1"},"canonical":"https:\/\/cart-sa.be\/nl\/le-groupe\/","og_locale":"nl_NL","og_type":"article","og_title":"Le Groupe : Acteur de l'\u00e9conomie circulaire - CART","og_description":"D\u00e9couvrez la synergie de notre groupe : EXTRAM, CART, ECOTRI et CEMOTRA. 4 entreprises expertes en \u00e9conomie circulaire.","og_url":"https:\/\/cart-sa.be\/nl\/le-groupe\/","og_site_name":"CART","article_publisher":"https:\/\/www.facebook.com\/CARTrecyclage\/","article_modified_time":"2026-03-06T14:26:34+00:00","twitter_card":"summary_large_image","twitter_misc":{"Geschatte leestijd":"3 minuten"},"schema":{"@context":"https:\/\/schema.org","@graph":[{"@type":"WebPage","@id":"https:\/\/cart-sa.be\/nl\/le-groupe\/","url":"https:\/\/cart-sa.be\/nl\/le-groupe\/","name":"Le Groupe : Acteur de l'\u00e9conomie circulaire - CART","isPartOf":{"@id":"https:\/\/cart-sa.be\/#website"},"datePublished":"2025-02-11T13:58:23+00:00","dateModified":"2026-03-06T14:26:34+00:00","description":"D\u00e9couvrez la synergie de notre groupe : EXTRAM, CART, ECOTRI et CEMOTRA. 4 entreprises expertes en \u00e9conomie circulaire.","breadcrumb":{"@id":"https:\/\/cart-sa.be\/nl\/le-groupe\/#breadcrumb"},"inLanguage":"nl-NL","potentialAction":[{"@type":"ReadAction","target":["https:\/\/cart-sa.be\/nl\/le-groupe\/"]}]},{"@type":"BreadcrumbList","@id":"https:\/\/cart-sa.be\/nl\/le-groupe\/#breadcrumb","itemListElement":[{"@type":"ListItem","position":1,"name":"Accueil","item":"https:\/\/cart-sa.be\/nl\/"},{"@type":"ListItem","position":2,"name":"Le Groupe"}]},{"@type":"WebSite","@id":"https:\/\/cart-sa.be\/#website","url":"https:\/\/cart-sa.be\/","name":"CART","description":"Centre agr\u00e9\u00e9 de recyclage et de tri","publisher":{"@id":"https:\/\/cart-sa.be\/#organization"},"potentialAction":[{"@type":"SearchAction","target":{"@type":"EntryPoint","urlTemplate":"https:\/\/cart-sa.be\/?s={search_term_string}"},"query-input":{"@type":"PropertyValueSpecification","valueRequired":true,"valueName":"search_term_string"}}],"inLanguage":"nl-NL"},{"@type":"Organization","@id":"https:\/\/cart-sa.be\/#organization","name":"CART SA","url":"https:\/\/cart-sa.be\/","logo":{"@type":"ImageObject","inLanguage":"nl-NL","@id":"https:\/\/cart-sa.be\/#\/schema\/logo\/image\/","url":"https:\/\/cart-sa.be\/wp-content\/uploads\/2025\/02\/LOGO-logo-2024.png","contentUrl":"https:\/\/cart-sa.be\/wp-content\/uploads\/2025\/02\/LOGO-logo-2024.png","width":681,"height":150,"caption":"CART SA"},"image":{"@id":"https:\/\/cart-sa.be\/#\/schema\/logo\/image\/"},"sameAs":["https:\/\/www.facebook.com\/CARTrecyclage\/"]}]}},"_links":{"self":[{"href":"https:\/\/cart-sa.be\/nl\/wp-json\/wp\/v2\/pages\/959","targetHints":{"allow":["GET"]}}],"collection":[{"href":"https:\/\/cart-sa.be\/nl\/wp-json\/wp\/v2\/pages"}],"about":[{"href":"https:\/\/cart-sa.be\/nl\/wp-json\/wp\/v2\/types\/page"}],"author":[{"embeddable":true,"href":"https:\/\/cart-sa.be\/nl\/wp-json\/wp\/v2\/users\/1"}],"replies":[{"embeddable":true,"href":"https:\/\/cart-sa.be\/nl\/wp-json\/wp\/v2\/comments?post=959"}],"version-history":[{"count":2,"href":"https:\/\/cart-sa.be\/nl\/wp-json\/wp\/v2\/pages\/959\/revisions"}],"predecessor-version":[{"id":973,"href":"https:\/\/cart-sa.be\/nl\/wp-json\/wp\/v2\/pages\/959\/revisions\/973"}],"wp:attachment":[{"href":"https:\/\/cart-sa.be\/nl\/wp-json\/wp\/v2\/media?parent=959"}],"curies":[{"name":"wp","href":"https:\/\/api.w.org\/{rel}","templated":true}]}}