{"id":958,"date":"2025-02-11T15:13:45","date_gmt":"2025-02-11T14:13:45","guid":{"rendered":"https:\/\/cart-sa.be\/contact\/"},"modified":"2026-03-06T15:28:46","modified_gmt":"2026-03-06T14:28:46","slug":"contact","status":"publish","type":"page","link":"https:\/\/cart-sa.be\/nl\/contact\/","title":{"rendered":"Contact"},"content":{"rendered":"<p>[et_pb_section fb_built=&#8221;1&#8243; _builder_version=&#8221;4.27.4&#8243; _module_preset=&#8221;default&#8221; background_color=&#8221;#F8772D&#8221; custom_padding=&#8221;||||false|false&#8221; locked=&#8221;off&#8221; global_colors_info=&#8221;{}&#8221;][et_pb_row column_structure=&#8221;1_2,1_2&#8243; module_id=&#8221;contact&#8221; _builder_version=&#8221;4.27.4&#8243; _module_preset=&#8221;default&#8221; global_colors_info=&#8221;{}&#8221;][et_pb_column type=&#8221;1_2&#8243; _builder_version=&#8221;4.27.4&#8243; _module_preset=&#8221;default&#8221; custom_css_main_element=&#8221;margin: auto&#8221; global_colors_info=&#8221;{}&#8221;][et_pb_text _builder_version=&#8221;4.27.4&#8243; _module_preset=&#8221;default&#8221; header_2_font=&#8221;|700|||||||&#8221; header_2_text_color=&#8221;#FFFFFF&#8221; header_2_font_size=&#8221;50px&#8221; header_2_font_size_tablet=&#8221;50px&#8221; header_2_font_size_phone=&#8221;24px&#8221; header_2_font_size_last_edited=&#8221;on|phone&#8221; global_colors_info=&#8221;{}&#8221;]<\/p>\n<h2>Contactez-nous<\/h2>\n<p>[\/et_pb_text][et_pb_text _builder_version=&#8221;4.27.4&#8243; _module_preset=&#8221;default&#8221; text_text_color=&#8221;#FFFFFF&#8221; link_text_color=&#8221;#FFFFFF&#8221; header_2_font=&#8221;|700|||||||&#8221; header_2_text_color=&#8221;#FFFFFF&#8221; custom_margin=&#8221;||||false|false&#8221; hover_enabled=&#8221;0&#8243; global_colors_info=&#8221;{}&#8221; sticky_enabled=&#8221;0&#8243;]<\/p>\n<h2>Nos horaires d\u2019ouverture<\/h2>\n<p>Du lundi au vendredi : 06:30 \u2013 17:30<br \/>Samedi : 07:00 \u2013 12:00<br \/>Dimanche : Ferm\u00e9<\/p>\n<h2>Adresse<\/h2>\n<p>Rue Pr\u00e9 du Pont 7\/9, 1370 Jodoigne<\/p>\n<h2>Contact g\u00e9n\u00e9ral<\/h2>\n<ul>\n<li><strong>G\u00e9n\u00e9ral<\/strong> : info@cart-sa.be \u2013 010 81 60 01<\/li>\n<li><strong>Comptabilit\u00e9 vente<\/strong> : compta-cart@cart-sa.be \u2013 010\/81.60.01<\/li>\n<li><strong>Comptabilit\u00e9 fournisseur<\/strong> : achats-cart@cart-sa.be \u2013 010\/81.60.01<\/li>\n<li><strong>Comptabilit\u00e9 g\u00e9n\u00e9rale<\/strong> : valerie.pierre@cart-sa.be \u2013 0470\/53.24.98<\/li>\n<li><strong>Technique<\/strong> : Martin Lebbe : martin.lebbe@cart-sa.be \u2013 0470\/12.75.75<\/li>\n<\/ul>\n<p>Nous restons ouverts pendant la pause de midi pour vous offrir plus de flexibilit\u00e9. N\u2019h\u00e9sitez pas \u00e0 nous rendre visite ou \u00e0 nous appeler !<\/p>\n<p>[\/et_pb_text][et_pb_image src=&#8221;https:\/\/cart-sa.be\/wp-content\/uploads\/2025\/03\/Design-sans-titre-8.png&#8221; title_text=&#8221;Design sans titre&#8221; _builder_version=&#8221;4.27.4&#8243; _module_preset=&#8221;default&#8221; global_colors_info=&#8221;{}&#8221;][\/et_pb_image][\/et_pb_column][et_pb_column type=&#8221;1_2&#8243; _builder_version=&#8221;4.27.4&#8243; _module_preset=&#8221;default&#8221; global_colors_info=&#8221;{}&#8221;][et_pb_text _builder_version=&#8221;4.27.4&#8243; _module_preset=&#8221;default&#8221; global_colors_info=&#8221;{}&#8221;]<\/p>\n<div class=\"frm_forms  with_frm_style frm_style_style-form-contact\" id=\"frm_form_3_container\" data-token=\"9377ef137e6d5f1401112e971abec270\">\n<form enctype=\"multipart\/form-data\" method=\"post\" class=\"frm-show-form  frm_pro_form \" id=\"form_contact\" data-token=\"9377ef137e6d5f1401112e971abec270\">\n<div class=\"frm_form_fields \">\n<fieldset>\n<legend class=\"frm_screen_reader\">Contact<\/legend>\r\n\r\n<div class=\"frm_fields_container\">\n<input type=\"hidden\" name=\"frm_action\" value=\"create\" \/>\n<input type=\"hidden\" name=\"form_id\" value=\"3\" \/>\n<input type=\"hidden\" name=\"frm_hide_fields_3\" id=\"frm_hide_fields_3\" value=\"\" \/>\n<input type=\"hidden\" name=\"form_key\" value=\"contact\" \/>\n<input type=\"hidden\" name=\"item_meta[0]\" value=\"\" \/>\n<input type=\"hidden\" id=\"frm_submit_entry_3\" name=\"frm_submit_entry_3\" value=\"12f63e0940\" \/><input type=\"hidden\" name=\"_wp_http_referer\" value=\"\/nl\/wp-json\/wp\/v2\/pages\/958\" \/><div id=\"frm_field_30_container\" class=\"frm_form_field form-field  frm_required_field frm_inside_container\">\r\n\t<div  id=\"field_k9ukw_label\" class=\"frm_primary_label\">\r\n\t\t<span class=\"frm_required\" aria-hidden=\"true\">*<\/span>\r\n\t<\/div>\r\n\t<fieldset aria-labelledby=\"field_k9ukw_label\">\n\t<legend class=\"frm_screen_reader frm_hidden\">\n\t\t\t<\/legend>\n\n\t<div  class=\"frm_combo_inputs_container\" id=\"frm_combo_inputs_container_30\" data-name-layout=\"first_last\">\n\t\t\t\t\t<div\n\t\t\t\tid=\"frm_field_30-first_container\"\n\t\t\t\tclass=\"frm_form_field form-field frm_form_subfield-first  frm6\"\n\t\t\t\tdata-sub-field-name=\"first\"\n\t\t\t>\n\t\t\t\t<label for=\"field_k9ukw_first\" class=\"frm_screen_reader frm_hidden\">\n\t\t\t\t\t\t\t\t\t<\/label>\n\n\t\t\t\t<input  type=\"text\" id=\"field_k9ukw_first\" value=\"\" name=\"item_meta[30][first]\" autocomplete=\"given-name\" placeholder=\"Pr\u00e9nom\" data-reqmsg=\"Dit veld ne peut pas \u00eatre vide.\" aria-required=\"true\" data-invmsg=\"Dit veld is ongeldig\" aria-invalid=\"false\"  \/>\t\t\t<\/div>\n\t\t\t\t\t\t<div\n\t\t\t\tid=\"frm_field_30-last_container\"\n\t\t\t\tclass=\"frm_form_field form-field frm_form_subfield-last  frm6\"\n\t\t\t\tdata-sub-field-name=\"last\"\n\t\t\t>\n\t\t\t\t<label for=\"field_k9ukw_last\" class=\"frm_screen_reader frm_hidden\">\n\t\t\t\t\t\t\t\t\t<\/label>\n\n\t\t\t\t<input  type=\"text\" id=\"field_k9ukw_last\" value=\"\" name=\"item_meta[30][last]\" autocomplete=\"family-name\" placeholder=\"Nom\" data-reqmsg=\"Dit veld ne peut pas \u00eatre vide.\" aria-required=\"true\" data-invmsg=\"Dit veld is ongeldig\" aria-invalid=\"false\"  \/>\t\t\t<\/div>\n\t\t\t\t<\/div>\n<\/fieldset>\n\r\n\t\r\n\t\r\n<\/div>\n<div id=\"frm_field_47_container\" class=\"frm_form_field form-field  frm_required_field frm_inside_container frm6 frm_first\">\r\n\t<label for=\"field_9aso3\" id=\"field_9aso3_label\" class=\"frm_primary_label\">Entreprise\r\n\t\t<span class=\"frm_required\" aria-hidden=\"true\">*<\/span>\r\n\t<\/label>\r\n\t<input  type=\"text\" id=\"field_9aso3\" name=\"item_meta[47]\" value=\"\"  data-reqmsg=\"Entreprise ne peut pas \u00eatre vide.\" aria-required=\"true\" data-invmsg=\"Entreprise est non valide\" aria-invalid=\"false\"   \/>\r\n\t\r\n\t\r\n<\/div>\n<div id=\"frm_field_48_container\" class=\"frm_form_field form-field  frm_inside_container frm6\">\r\n\t<label for=\"field_r1u9o\" id=\"field_r1u9o_label\" class=\"frm_primary_label\">Num\u00e9ro de TVA\r\n\t\t<span class=\"frm_required\" aria-hidden=\"true\"><\/span>\r\n\t<\/label>\r\n\t<input  type=\"text\" id=\"field_r1u9o\" name=\"item_meta[48]\" value=\"\"  data-invmsg=\"Num\u00e9ro de TVA est non valide\" aria-invalid=\"false\"   \/>\r\n\t\r\n\t\r\n<\/div>\n<div id=\"frm_field_31_container\" class=\"frm_form_field form-field  frm_required_field frm_inside_container frm6 frm_first\">\r\n\t<label for=\"field_le4pw\" id=\"field_le4pw_label\" class=\"frm_primary_label\">Email\r\n\t\t<span class=\"frm_required\" aria-hidden=\"true\">*<\/span>\r\n\t<\/label>\r\n\t<input type=\"email\" id=\"field_le4pw\" name=\"item_meta[31]\" value=\"\"  autocomplete=\"email\"  data-reqmsg=\"Email ne peut pas \u00eatre vide.\" aria-required=\"true\" data-invmsg=\"Email est non valide\" aria-invalid=\"false\"  \/>\r\n\t\r\n\t\r\n<\/div>\n<div id=\"frm_field_32_container\" class=\"frm_form_field form-field  frm_inside_container frm6\">\r\n\t<label for=\"field_b5gga\" id=\"field_b5gga_label\" class=\"frm_primary_label\">T\u00e9l\u00e9phone\r\n\t\t<span class=\"frm_required\" aria-hidden=\"true\"><\/span>\r\n\t<\/label>\r\n\t<input type=\"tel\" id=\"field_b5gga\" name=\"item_meta[32]\" value=\"\"  data-invmsg=\"T\u00e9l\u00e9phone est non valide\" aria-invalid=\"false\" pattern=\"((\\+\\d{1,3}(-|.| )?\\(?\\d\\)?(-| |.)?\\d{1,5})|(\\(?\\d{2,6}\\)?))(-|.| )?(\\d{3,4})(-|.| )?(\\d{4})(( x| ext)\\d{1,5}){0,1}$\"  \/>\r\n\t\r\n\t\r\n<\/div>\n<div id=\"frm_field_34_container\" class=\"frm_form_field form-field  frm_required_field frm_inside_container\">\r\n\t<label for=\"field_61gri\" id=\"field_61gri_label\" class=\"frm_primary_label\">Message\r\n\t\t<span class=\"frm_required\" aria-hidden=\"true\">*<\/span>\r\n\t<\/label>\r\n\t<textarea name=\"item_meta[34]\" id=\"field_61gri\" rows=\"5\"  data-reqmsg=\"Message ne peut pas \u00eatre vide.\" aria-required=\"true\" data-invmsg=\"Message est non valide\" aria-invalid=\"false\"  ><\/textarea>\r\n\t\r\n\t\r\n<\/div>\n<div id=\"frm_field_35_container\" class=\"frm_form_field form-field  frm_none_container\">\r\n\t<label for=\"g-recaptcha-response\" id=\"field_nnef5_label\" class=\"frm_primary_label\">Captcha\r\n\t\t<span class=\"frm_required\" aria-hidden=\"true\"><\/span>\r\n\t<\/label>\r\n\t<div  id=\"field_nnef5\" class=\"frm-g-recaptcha\" data-sitekey=\"6LcGdgMsAAAAAP2x7U2FqHEB0MFtZnV-xazgQktK\" data-size=\"normal\" data-theme=\"light\"><\/div>\r\n\t\r\n\t\r\n<\/div>\n<div id=\"frm_field_28_container\" class=\"frm_form_field form-field \">\r\n\t<div class=\"frm_submit frm_flex\">\r\n<button class=\"frm_button_submit frm_final_submit\" type=\"submit\"   formnovalidate=\"formnovalidate\">Envoyer<\/button>\r\n\r\n\r\n\r\n<\/div>\r\n<\/div>\n\t<input type=\"hidden\" name=\"item_key\" value=\"\" \/>\n\t\t\t<div id=\"frm_field_49_container\">\n\t\t\t<label for=\"field_uznz3\" >\n\t\t\t\tIndien je een mens bent, laat dit veld leeg:.\t\t\t<\/label>\n\t\t\t<input  id=\"field_uznz3\" type=\"text\" class=\"frm_form_field form-field frm_verify\" name=\"item_meta[49]\" value=\"\"  \/>\n\t\t<\/div>\n\t\t<input name=\"frm_state\" type=\"hidden\" value=\"tGeRHvN7NGhdY7fIgyQpGr6wnTPnAd3GeruV8lZ1TkEMl9KaZ9VAzrSv15LAecD9\" \/><\/div>\n<\/fieldset>\n<\/div>\n\n<\/form>\n<\/div>\n\n<p>[\/et_pb_text][\/et_pb_column][\/et_pb_row][\/et_pb_section]<\/p>\n","protected":false},"excerpt":{"rendered":"<p>Contactez-nousNos horaires d\u2019ouverture Du lundi au vendredi : 06:30 \u2013 17:30Samedi : 07:00 \u2013 12:00Dimanche : Ferm\u00e9 Adresse Rue Pr\u00e9 du Pont 7\/9, 1370 Jodoigne Contact g\u00e9n\u00e9ral G\u00e9n\u00e9ral : info@cart-sa.be \u2013 010 81 60 01 Comptabilit\u00e9 vente : compta-cart@cart-sa.be \u2013 010\/81.60.01 Comptabilit\u00e9 fournisseur : achats-cart@cart-sa.be \u2013 010\/81.60.01 Comptabilit\u00e9 g\u00e9n\u00e9rale : valerie.pierre@cart-sa.be \u2013 0470\/53.24.98 Technique : [&hellip;]<\/p>\n","protected":false},"author":1,"featured_media":0,"parent":0,"menu_order":0,"comment_status":"closed","ping_status":"closed","template":"","meta":{"_et_pb_use_builder":"on","_et_pb_old_content":"","_et_gb_content_width":"","footnotes":""},"class_list":["post-958","page","type-page","status-publish","hentry"],"yoast_head":"<!-- This site is optimized with the Yoast SEO plugin v27.3 - https:\/\/yoast.com\/product\/yoast-seo-wordpress\/ -->\n<title>Contact - CART<\/title>\n<meta name=\"robots\" content=\"index, follow, max-snippet:-1, max-image-preview:large, max-video-preview:-1\" \/>\n<link rel=\"canonical\" href=\"https:\/\/cart-sa.be\/nl\/contact\/\" \/>\n<meta property=\"og:locale\" content=\"nl_NL\" \/>\n<meta property=\"og:type\" content=\"article\" \/>\n<meta property=\"og:title\" content=\"Contact - CART\" \/>\n<meta property=\"og:description\" content=\"Contactez-nousNos horaires d\u2019ouverture Du lundi au vendredi : 06:30 \u2013 17:30Samedi : 07:00 \u2013 12:00Dimanche : Ferm\u00e9 Adresse Rue Pr\u00e9 du Pont 7\/9, 1370 Jodoigne Contact g\u00e9n\u00e9ral G\u00e9n\u00e9ral : info@cart-sa.be \u2013 010 81 60 01 Comptabilit\u00e9 vente : compta-cart@cart-sa.be \u2013 010\/81.60.01 Comptabilit\u00e9 fournisseur : achats-cart@cart-sa.be \u2013 010\/81.60.01 Comptabilit\u00e9 g\u00e9n\u00e9rale : valerie.pierre@cart-sa.be \u2013 0470\/53.24.98 Technique : [&hellip;]\" \/>\n<meta property=\"og:url\" content=\"https:\/\/cart-sa.be\/nl\/contact\/\" \/>\n<meta property=\"og:site_name\" content=\"CART\" \/>\n<meta property=\"article:publisher\" content=\"https:\/\/www.facebook.com\/CARTrecyclage\/\" \/>\n<meta property=\"article:modified_time\" content=\"2026-03-06T14:28:46+00:00\" \/>\n<meta name=\"twitter:card\" content=\"summary_large_image\" \/>\n<meta name=\"twitter:label1\" content=\"Geschatte leestijd\" \/>\n\t<meta name=\"twitter:data1\" content=\"1 minuut\" \/>\n<script type=\"application\/ld+json\" class=\"yoast-schema-graph\">{\"@context\":\"https:\\\/\\\/schema.org\",\"@graph\":[{\"@type\":\"WebPage\",\"@id\":\"https:\\\/\\\/cart-sa.be\\\/nl\\\/contact\\\/\",\"url\":\"https:\\\/\\\/cart-sa.be\\\/nl\\\/contact\\\/\",\"name\":\"Contact - CART\",\"isPartOf\":{\"@id\":\"https:\\\/\\\/cart-sa.be\\\/#website\"},\"datePublished\":\"2025-02-11T14:13:45+00:00\",\"dateModified\":\"2026-03-06T14:28:46+00:00\",\"breadcrumb\":{\"@id\":\"https:\\\/\\\/cart-sa.be\\\/nl\\\/contact\\\/#breadcrumb\"},\"inLanguage\":\"nl-NL\",\"potentialAction\":[{\"@type\":\"ReadAction\",\"target\":[\"https:\\\/\\\/cart-sa.be\\\/nl\\\/contact\\\/\"]}]},{\"@type\":\"BreadcrumbList\",\"@id\":\"https:\\\/\\\/cart-sa.be\\\/nl\\\/contact\\\/#breadcrumb\",\"itemListElement\":[{\"@type\":\"ListItem\",\"position\":1,\"name\":\"Accueil\",\"item\":\"https:\\\/\\\/cart-sa.be\\\/nl\\\/\"},{\"@type\":\"ListItem\",\"position\":2,\"name\":\"Contact\"}]},{\"@type\":\"WebSite\",\"@id\":\"https:\\\/\\\/cart-sa.be\\\/#website\",\"url\":\"https:\\\/\\\/cart-sa.be\\\/\",\"name\":\"CART\",\"description\":\"Centre agr\u00e9\u00e9 de recyclage et de tri\",\"publisher\":{\"@id\":\"https:\\\/\\\/cart-sa.be\\\/#organization\"},\"potentialAction\":[{\"@type\":\"SearchAction\",\"target\":{\"@type\":\"EntryPoint\",\"urlTemplate\":\"https:\\\/\\\/cart-sa.be\\\/?s={search_term_string}\"},\"query-input\":{\"@type\":\"PropertyValueSpecification\",\"valueRequired\":true,\"valueName\":\"search_term_string\"}}],\"inLanguage\":\"nl-NL\"},{\"@type\":\"Organization\",\"@id\":\"https:\\\/\\\/cart-sa.be\\\/#organization\",\"name\":\"CART SA\",\"url\":\"https:\\\/\\\/cart-sa.be\\\/\",\"logo\":{\"@type\":\"ImageObject\",\"inLanguage\":\"nl-NL\",\"@id\":\"https:\\\/\\\/cart-sa.be\\\/#\\\/schema\\\/logo\\\/image\\\/\",\"url\":\"https:\\\/\\\/cart-sa.be\\\/wp-content\\\/uploads\\\/2025\\\/02\\\/LOGO-logo-2024.png\",\"contentUrl\":\"https:\\\/\\\/cart-sa.be\\\/wp-content\\\/uploads\\\/2025\\\/02\\\/LOGO-logo-2024.png\",\"width\":681,\"height\":150,\"caption\":\"CART SA\"},\"image\":{\"@id\":\"https:\\\/\\\/cart-sa.be\\\/#\\\/schema\\\/logo\\\/image\\\/\"},\"sameAs\":[\"https:\\\/\\\/www.facebook.com\\\/CARTrecyclage\\\/\"]}]}<\/script>\n<!-- \/ Yoast SEO plugin. -->","yoast_head_json":{"title":"Contact - CART","robots":{"index":"index","follow":"follow","max-snippet":"max-snippet:-1","max-image-preview":"max-image-preview:large","max-video-preview":"max-video-preview:-1"},"canonical":"https:\/\/cart-sa.be\/nl\/contact\/","og_locale":"nl_NL","og_type":"article","og_title":"Contact - CART","og_description":"Contactez-nousNos horaires d\u2019ouverture Du lundi au vendredi : 06:30 \u2013 17:30Samedi : 07:00 \u2013 12:00Dimanche : Ferm\u00e9 Adresse Rue Pr\u00e9 du Pont 7\/9, 1370 Jodoigne Contact g\u00e9n\u00e9ral G\u00e9n\u00e9ral : info@cart-sa.be \u2013 010 81 60 01 Comptabilit\u00e9 vente : compta-cart@cart-sa.be \u2013 010\/81.60.01 Comptabilit\u00e9 fournisseur : achats-cart@cart-sa.be \u2013 010\/81.60.01 Comptabilit\u00e9 g\u00e9n\u00e9rale : valerie.pierre@cart-sa.be \u2013 0470\/53.24.98 Technique : [&hellip;]","og_url":"https:\/\/cart-sa.be\/nl\/contact\/","og_site_name":"CART","article_publisher":"https:\/\/www.facebook.com\/CARTrecyclage\/","article_modified_time":"2026-03-06T14:28:46+00:00","twitter_card":"summary_large_image","twitter_misc":{"Geschatte leestijd":"1 minuut"},"schema":{"@context":"https:\/\/schema.org","@graph":[{"@type":"WebPage","@id":"https:\/\/cart-sa.be\/nl\/contact\/","url":"https:\/\/cart-sa.be\/nl\/contact\/","name":"Contact - CART","isPartOf":{"@id":"https:\/\/cart-sa.be\/#website"},"datePublished":"2025-02-11T14:13:45+00:00","dateModified":"2026-03-06T14:28:46+00:00","breadcrumb":{"@id":"https:\/\/cart-sa.be\/nl\/contact\/#breadcrumb"},"inLanguage":"nl-NL","potentialAction":[{"@type":"ReadAction","target":["https:\/\/cart-sa.be\/nl\/contact\/"]}]},{"@type":"BreadcrumbList","@id":"https:\/\/cart-sa.be\/nl\/contact\/#breadcrumb","itemListElement":[{"@type":"ListItem","position":1,"name":"Accueil","item":"https:\/\/cart-sa.be\/nl\/"},{"@type":"ListItem","position":2,"name":"Contact"}]},{"@type":"WebSite","@id":"https:\/\/cart-sa.be\/#website","url":"https:\/\/cart-sa.be\/","name":"CART","description":"Centre agr\u00e9\u00e9 de recyclage et de tri","publisher":{"@id":"https:\/\/cart-sa.be\/#organization"},"potentialAction":[{"@type":"SearchAction","target":{"@type":"EntryPoint","urlTemplate":"https:\/\/cart-sa.be\/?s={search_term_string}"},"query-input":{"@type":"PropertyValueSpecification","valueRequired":true,"valueName":"search_term_string"}}],"inLanguage":"nl-NL"},{"@type":"Organization","@id":"https:\/\/cart-sa.be\/#organization","name":"CART SA","url":"https:\/\/cart-sa.be\/","logo":{"@type":"ImageObject","inLanguage":"nl-NL","@id":"https:\/\/cart-sa.be\/#\/schema\/logo\/image\/","url":"https:\/\/cart-sa.be\/wp-content\/uploads\/2025\/02\/LOGO-logo-2024.png","contentUrl":"https:\/\/cart-sa.be\/wp-content\/uploads\/2025\/02\/LOGO-logo-2024.png","width":681,"height":150,"caption":"CART SA"},"image":{"@id":"https:\/\/cart-sa.be\/#\/schema\/logo\/image\/"},"sameAs":["https:\/\/www.facebook.com\/CARTrecyclage\/"]}]}},"_links":{"self":[{"href":"https:\/\/cart-sa.be\/nl\/wp-json\/wp\/v2\/pages\/958","targetHints":{"allow":["GET"]}}],"collection":[{"href":"https:\/\/cart-sa.be\/nl\/wp-json\/wp\/v2\/pages"}],"about":[{"href":"https:\/\/cart-sa.be\/nl\/wp-json\/wp\/v2\/types\/page"}],"author":[{"embeddable":true,"href":"https:\/\/cart-sa.be\/nl\/wp-json\/wp\/v2\/users\/1"}],"replies":[{"embeddable":true,"href":"https:\/\/cart-sa.be\/nl\/wp-json\/wp\/v2\/comments?post=958"}],"version-history":[{"count":1,"href":"https:\/\/cart-sa.be\/nl\/wp-json\/wp\/v2\/pages\/958\/revisions"}],"predecessor-version":[{"id":966,"href":"https:\/\/cart-sa.be\/nl\/wp-json\/wp\/v2\/pages\/958\/revisions\/966"}],"wp:attachment":[{"href":"https:\/\/cart-sa.be\/nl\/wp-json\/wp\/v2\/media?parent=958"}],"curies":[{"name":"wp","href":"https:\/\/api.w.org\/{rel}","templated":true}]}}